{"id":2,"date":"2019-01-29T18:34:25","date_gmt":"2019-01-29T18:34:25","guid":{"rendered":"http:\/\/acehn.se\/\/?page_id=2"},"modified":"2021-03-15T08:13:31","modified_gmt":"2021-03-15T08:13:31","slug":"valkommen-till-min-sida","status":"publish","type":"page","link":"https:\/\/acehn.se\/","title":{"rendered":"V\u00e4lkommen till bildskapare Ann-Charlotte Ehn Gustafsson"},"content":{"rendered":"<body>\n<p class=\"has-text-align-center\">Jag har i hela mitt liv \u00e4gnat mig \u00e5t att arbeta med olika hantverkstekniker. Numera m\u00e5lar jag mest i akvarell och skapar i lera. Akvarellen har blivit mitt fr\u00e4msta s\u00e4tt att uttrycka mig i.<\/p>\n\n\n\n<p class=\"has-text-align-center\">Jag utg\u00e5r idag fr\u00e5n min atelj\u00e9 i Lilleby som ligger strax utanf\u00f6r G\u00f6teborg.<\/p>\n\n\n\n<p><\/p>\n\n\n\n<figure class=\"wp-block-image size-large\"><img data-recalc-dims=\"1\" decoding=\"async\" width=\"1024\" height=\"554\" src=\"https:\/\/i0.wp.com\/acehn.se\/wp-content\/uploads\/2020\/03\/cropped-logga9-1-1.jpg?resize=1024%2C554&#038;ssl=1\" alt=\"\" class=\"wp-image-80\" loading=\"lazy\" srcset=\"https:\/\/i0.wp.com\/acehn.se\/wp-content\/uploads\/2020\/03\/cropped-logga9-1-1.jpg?resize=1024%2C554&amp;ssl=1 1024w, https:\/\/i0.wp.com\/acehn.se\/wp-content\/uploads\/2020\/03\/cropped-logga9-1-1.jpg?resize=300%2C162&amp;ssl=1 300w, https:\/\/i0.wp.com\/acehn.se\/wp-content\/uploads\/2020\/03\/cropped-logga9-1-1.jpg?resize=768%2C415&amp;ssl=1 768w, https:\/\/i0.wp.com\/acehn.se\/wp-content\/uploads\/2020\/03\/cropped-logga9-1-1.jpg?resize=1536%2C831&amp;ssl=1 1536w, https:\/\/i0.wp.com\/acehn.se\/wp-content\/uploads\/2020\/03\/cropped-logga9-1-1.jpg?resize=2048%2C1108&amp;ssl=1 2048w, https:\/\/i0.wp.com\/acehn.se\/wp-content\/uploads\/2020\/03\/cropped-logga9-1-1.jpg?resize=1600%2C865&amp;ssl=1 1600w, https:\/\/i0.wp.com\/acehn.se\/wp-content\/uploads\/2020\/03\/cropped-logga9-1-1.jpg?w=2340&amp;ssl=1 2340w\" sizes=\"auto, (max-width: 1024px) 100vw, 1024px\" \/><\/figure>\n\n\n\n<p class=\"has-text-align-center\">V\u00e4lkommen att kontakta mig f\u00f6r mer information p\u00e5 telefon 0703661116<\/p>\n\n\n\n<p class=\"has-text-align-center\"><a href=\"mailto:a.ehngustafsson@telia.com\">Kontakta mig f\u00f6r mer info. <\/a> <\/p>\n\n\n\n<p><\/p>\n\n\n\n<div class=\"wp-block-group\"><div class=\"wp-block-group__inner-container\"><div class=\"wp-block-group__inner-container is-layout-flow wp-block-group-is-layout-flow\">\n<figure class=\"wp-block-gallery columns-2 is-cropped wp-block-gallery-1 is-layout-flex wp-block-gallery-is-layout-flex\"><ul class=\"blocks-gallery-grid\"><li class=\"blocks-gallery-item\"><figure><img data-recalc-dims=\"1\" decoding=\"async\" src=\"https:\/\/i0.wp.com\/acehn.se\/wp-content\/uploads\/2020\/04\/Du-har-en-v%C3%A4n-i-mig_-rotated.jpg?w=1170&#038;ssl=1\" alt=\"\" data-id=\"109\" data-link=\"https:\/\/acehn.se\/index.php\/valkommen-till-min-sida\/du-har-en-van-i-mig_\/\" class=\"wp-image-109\" loading=\"lazy\"><\/figure><\/li><li class=\"blocks-gallery-item\"><figure><img data-recalc-dims=\"1\" decoding=\"async\" width=\"480\" height=\"640\" src=\"https:\/\/i0.wp.com\/acehn.se\/wp-content\/uploads\/2020\/04\/Du-och-jag-rotated.jpg?resize=480%2C640&#038;ssl=1\" alt=\"\" data-id=\"110\" data-link=\"https:\/\/acehn.se\/index.php\/valkommen-till-min-sida\/du-och-jag\/\" class=\"wp-image-110\" loading=\"lazy\" srcset=\"https:\/\/i0.wp.com\/acehn.se\/wp-content\/uploads\/2020\/04\/Du-och-jag-rotated.jpg?w=480&amp;ssl=1 480w, https:\/\/i0.wp.com\/acehn.se\/wp-content\/uploads\/2020\/04\/Du-och-jag-rotated.jpg?resize=225%2C300&amp;ssl=1 225w\" sizes=\"auto, (max-width: 480px) 100vw, 480px\" \/><\/figure><\/li><li class=\"blocks-gallery-item\"><figure><img data-recalc-dims=\"1\" decoding=\"async\" width=\"677\" height=\"1024\" src=\"https:\/\/i0.wp.com\/acehn.se\/wp-content\/uploads\/2020\/05\/thumbnail_IMG_0007.jpg?resize=677%2C1024&#038;ssl=1\" alt=\"\" data-id=\"162\" data-full-url=\"https:\/\/acehn.se\/wp-content\/uploads\/2020\/05\/thumbnail_IMG_0007.jpg\" data-link=\"https:\/\/acehn.se\/index.php\/valkommen-till-min-sida\/thumbnail_img_0007\/\" class=\"wp-image-162\" loading=\"lazy\" srcset=\"https:\/\/i0.wp.com\/acehn.se\/wp-content\/uploads\/2020\/05\/thumbnail_IMG_0007.jpg?resize=677%2C1024&amp;ssl=1 677w, https:\/\/i0.wp.com\/acehn.se\/wp-content\/uploads\/2020\/05\/thumbnail_IMG_0007.jpg?resize=198%2C300&amp;ssl=1 198w, https:\/\/i0.wp.com\/acehn.se\/wp-content\/uploads\/2020\/05\/thumbnail_IMG_0007.jpg?resize=768%2C1162&amp;ssl=1 768w, https:\/\/i0.wp.com\/acehn.se\/wp-content\/uploads\/2020\/05\/thumbnail_IMG_0007.jpg?w=846&amp;ssl=1 846w\" sizes=\"auto, (max-width: 677px) 100vw, 677px\" \/><\/figure><\/li><\/ul><\/figure>\n<\/div><\/div><\/div>\n\n\n\n<p class=\"has-text-align-center\"><\/p>\n\n\n\n<p class=\"has-text-align-center\"><\/p>\n\n\n\n<p><\/p>\n<\/body>","protected":false},"excerpt":{"rendered":"<p>Jag har i hela mitt liv \u00e4gnat mig \u00e5t att arbeta med olika hantverkstekniker. Numera m\u00e5lar jag mest i akvarell och skapar i lera. Akvarellen har blivit mitt fr\u00e4msta s\u00e4tt att uttrycka mig i. Jag utg\u00e5r idag fr\u00e5n min atelj\u00e9 i Lilleby som ligger strax utanf\u00f6r G\u00f6teborg. V\u00e4lkommen att kontakta mig f\u00f6r mer information p\u00e5&hellip;<\/p>\n","protected":false},"author":1,"featured_media":0,"parent":0,"menu_order":0,"comment_status":"closed","ping_status":"open","template":"","meta":{"om_disable_all_campaigns":false,"_monsterinsights_skip_tracking":false,"_monsterinsights_sitenote_active":false,"_monsterinsights_sitenote_note":"","_monsterinsights_sitenote_category":0,"footnotes":""},"class_list":["post-2","page","type-page","status-publish","hentry"],"jetpack_sharing_enabled":true,"_links":{"self":[{"href":"https:\/\/acehn.se\/index.php\/wp-json\/wp\/v2\/pages\/2","targetHints":{"allow":["GET"]}}],"collection":[{"href":"https:\/\/acehn.se\/index.php\/wp-json\/wp\/v2\/pages"}],"about":[{"href":"https:\/\/acehn.se\/index.php\/wp-json\/wp\/v2\/types\/page"}],"author":[{"embeddable":true,"href":"https:\/\/acehn.se\/index.php\/wp-json\/wp\/v2\/users\/1"}],"replies":[{"embeddable":true,"href":"https:\/\/acehn.se\/index.php\/wp-json\/wp\/v2\/comments?post=2"}],"version-history":[{"count":27,"href":"https:\/\/acehn.se\/index.php\/wp-json\/wp\/v2\/pages\/2\/revisions"}],"predecessor-version":[{"id":257,"href":"https:\/\/acehn.se\/index.php\/wp-json\/wp\/v2\/pages\/2\/revisions\/257"}],"wp:attachment":[{"href":"https:\/\/acehn.se\/index.php\/wp-json\/wp\/v2\/media?parent=2"}],"curies":[{"name":"wp","href":"https:\/\/api.w.org\/{rel}","templated":true}]}}